{"id":8,"date":"2026-01-02T09:26:12","date_gmt":"2026-01-02T09:26:12","guid":{"rendered":"https:\/\/wordpress-enj7s.wasmer.app\/?page_id=8"},"modified":"2026-01-02T10:54:35","modified_gmt":"2026-01-02T10:54:35","slug":"home","status":"publish","type":"page","link":"https:\/\/wordpress-enj7s.wasmer.app\/","title":{"rendered":"Home"},"content":{"rendered":"\n<div class=\"wp-block-cover alignfull\" style=\"min-height:800px;aspect-ratio:unset;\"><img decoding=\"async\" class=\"wp-block-cover__image-background\" alt=\"\" src=\"https:\/\/wordpress-enj7s.wasmer.app\/wp-content\/themes\/neve\/assets\/img\/starter-content\/neve-hero-2.png\" style=\"object-position:50% 72%\" data-object-fit=\"cover\" data-object-position=\"50% 72%\"\/><span aria-hidden=\"true\" class=\"wp-block-cover__background has-background-dim-0 has-background-dim\"><\/span><div class=\"wp-block-cover__inner-container is-layout-flow wp-block-cover-is-layout-flow\">\n<div class=\"wp-block-columns are-vertically-aligned-center is-layout-flex wp-container-core-columns-is-layout-9d6595d7 wp-block-columns-is-layout-flex\">\n<div class=\"wp-block-column is-vertically-aligned-center is-layout-flow wp-block-column-is-layout-flow\" style=\"padding-right:var(--wp--preset--spacing--20);padding-left:var(--wp--preset--spacing--20);flex-basis:65%\">\n<div style=\"height:80px\" aria-hidden=\"true\" class=\"wp-block-spacer\"><\/div>\n\n\n\n<h1 class=\"wp-block-heading has-text-align-left has-nv-text-dark-bg-color has-text-color\">Marketing Consultant &amp; Meta\/Google Ads Specialist<\/h1>\n\n\n\n<div class=\"wp-block-buttons is-horizontal is-content-justification-left is-layout-flex wp-container-core-buttons-is-layout-7e5fce0a wp-block-buttons-is-layout-flex\">\n<div class=\"wp-block-button is-style-secondary\"><a class=\"wp-block-button__link has-nv-text-dark-bg-color has-text-color has-link-color wp-element-button\" href=\"https:\/\/wordpress-enj7s.wasmer.app\/portofolio\/\">Prendre une consultation Gratuite<\/a><\/div>\n<\/div>\n\n\n\n<div style=\"height:100px\" aria-hidden=\"true\" class=\"wp-block-spacer\"><\/div>\n<\/div>\n\n\n\n<div class=\"wp-block-column is-vertically-aligned-center is-layout-flow wp-block-column-is-layout-flow\"><\/div>\n<\/div>\n<\/div><\/div>\n\n\n\n<h2 class=\"wp-block-heading has-text-align-center\">Services<\/h2>\n\n\n\n<div style=\"height:40px\" aria-hidden=\"true\" class=\"wp-block-spacer\"><\/div>\n\n\n\n<div class=\"wp-block-columns is-layout-flex wp-container-core-columns-is-layout-9d6595d7 wp-block-columns-is-layout-flex\">\n<div class=\"wp-block-column neve-duotone is-layout-flow wp-block-column-is-layout-flow\" style=\"padding-right:var(--wp--preset--spacing--30);padding-left:var(--wp--preset--spacing--30)\"><div class=\"wp-block-image icon-style is-style-default wp-duotone-unset-1\">\n<figure class=\"aligncenter size-full is-resized has-custom-border\"><img loading=\"lazy\" decoding=\"async\" width=\"1080\" height=\"1920\" src=\"https:\/\/wordpress-enj7s.wasmer.app\/wp-content\/uploads\/2026\/01\/1.png\" alt=\"\" class=\"wp-image-33\" style=\"border-radius:0px;aspect-ratio:0.5625041448371908;width:69px;height:auto\" title=\"\" srcset=\"https:\/\/wordpress-enj7s.wasmer.app\/wp-content\/uploads\/2026\/01\/1.png 1080w, https:\/\/wordpress-enj7s.wasmer.app\/wp-content\/uploads\/2026\/01\/1-169x300.png 169w, https:\/\/wordpress-enj7s.wasmer.app\/wp-content\/uploads\/2026\/01\/1-576x1024.png 576w, https:\/\/wordpress-enj7s.wasmer.app\/wp-content\/uploads\/2026\/01\/1-768x1365.png 768w, https:\/\/wordpress-enj7s.wasmer.app\/wp-content\/uploads\/2026\/01\/1-864x1536.png 864w\" sizes=\"auto, (max-width: 1080px) 100vw, 1080px\" \/><\/figure>\n<\/div>\n\n\n<div style=\"height:16px\" aria-hidden=\"true\" class=\"wp-block-spacer\"><\/div>\n\n\n\n<h3 class=\"wp-block-heading has-text-align-center has-neve-text-color-color has-text-color\">Strat\u00e9gie R\u00e9seaux Sociaux<\/h3>\n\n\n\n<p class=\"has-text-align-center\">Elaboration de Strat\u00e9gies sur mesure qui amplifient la voix de votre marque, stimulent l&#8217;engagement et convertissent la bonne cible.<\/p>\n\n\n\n<p><\/p>\n<\/div>\n\n\n\n<div class=\"wp-block-column is-layout-flow wp-block-column-is-layout-flow\" style=\"padding-right:var(--wp--preset--spacing--30);padding-left:var(--wp--preset--spacing--30)\"><div class=\"wp-block-image icon-style is-style-default\">\n<figure class=\"aligncenter size-full is-resized has-custom-border\"><img loading=\"lazy\" decoding=\"async\" width=\"1080\" height=\"1920\" src=\"https:\/\/wordpress-enj7s.wasmer.app\/wp-content\/uploads\/2026\/01\/3.png\" alt=\"\" class=\"wp-image-34\" style=\"border-radius:0px;aspect-ratio:0.5625041448371908;width:69px;height:auto\" title=\"\" srcset=\"https:\/\/wordpress-enj7s.wasmer.app\/wp-content\/uploads\/2026\/01\/3.png 1080w, https:\/\/wordpress-enj7s.wasmer.app\/wp-content\/uploads\/2026\/01\/3-169x300.png 169w, https:\/\/wordpress-enj7s.wasmer.app\/wp-content\/uploads\/2026\/01\/3-576x1024.png 576w, https:\/\/wordpress-enj7s.wasmer.app\/wp-content\/uploads\/2026\/01\/3-768x1365.png 768w, https:\/\/wordpress-enj7s.wasmer.app\/wp-content\/uploads\/2026\/01\/3-864x1536.png 864w\" sizes=\"auto, (max-width: 1080px) 100vw, 1080px\" \/><\/figure>\n<\/div>\n\n\n<div style=\"height:16px\" aria-hidden=\"true\" class=\"wp-block-spacer\"><\/div>\n\n\n\n<h3 class=\"wp-block-heading has-text-align-center has-neve-text-color-color has-text-color\">Planification de Campagnes Publicitaires<\/h3>\n\n\n\n<p class=\"has-text-align-center\">Planification de campagne de A-Z con\u00e7ue pour g\u00e9n\u00e9rer des r\u00e9sultats mesurables et une croissance durable.<\/p>\n\n\n\n<div style=\"height:20px\" aria-hidden=\"true\" class=\"wp-block-spacer\"><\/div>\n<\/div>\n\n\n\n<div class=\"wp-block-column is-layout-flow wp-block-column-is-layout-flow\" style=\"padding-right:var(--wp--preset--spacing--30);padding-left:var(--wp--preset--spacing--30)\"><div class=\"wp-block-image icon-style is-style-default wp-duotone-unset-2\">\n<figure class=\"aligncenter size-full is-resized has-custom-border\"><img loading=\"lazy\" decoding=\"async\" width=\"1080\" height=\"1920\" src=\"https:\/\/wordpress-enj7s.wasmer.app\/wp-content\/uploads\/2026\/01\/4.png\" alt=\"\" class=\"wp-image-37\" style=\"border-radius:0px;aspect-ratio:0.5625041448371908;width:71px;height:auto\" title=\"\" srcset=\"https:\/\/wordpress-enj7s.wasmer.app\/wp-content\/uploads\/2026\/01\/4.png 1080w, https:\/\/wordpress-enj7s.wasmer.app\/wp-content\/uploads\/2026\/01\/4-169x300.png 169w, https:\/\/wordpress-enj7s.wasmer.app\/wp-content\/uploads\/2026\/01\/4-576x1024.png 576w, https:\/\/wordpress-enj7s.wasmer.app\/wp-content\/uploads\/2026\/01\/4-768x1365.png 768w, https:\/\/wordpress-enj7s.wasmer.app\/wp-content\/uploads\/2026\/01\/4-864x1536.png 864w\" sizes=\"auto, (max-width: 1080px) 100vw, 1080px\" \/><\/figure>\n<\/div>\n\n\n<div style=\"height:16px\" aria-hidden=\"true\" class=\"wp-block-spacer\"><\/div>\n\n\n\n<h3 class=\"wp-block-heading has-text-align-center has-neve-text-color-color has-text-color\">Analyse des Tendances<\/h3>\n\n\n\n<p class=\"has-text-align-center\">Analyse des tendances \u00e9mergentes pour maintenir la pertinence et la comp\u00e9titivit\u00e9 des marques sur un march\u00e9 en constante \u00e9volution.<\/p>\n\n\n\n<div style=\"height:20px\" aria-hidden=\"true\" class=\"wp-block-spacer\"><\/div>\n<\/div>\n\n\n\n<div class=\"wp-block-column is-layout-flow wp-block-column-is-layout-flow\" style=\"padding-right:var(--wp--preset--spacing--30);padding-left:var(--wp--preset--spacing--30)\"><div class=\"wp-block-image icon-style is-style-default wp-duotone-unset-3\">\n<figure class=\"aligncenter size-full is-resized has-custom-border\"><img loading=\"lazy\" decoding=\"async\" width=\"1080\" height=\"1920\" src=\"https:\/\/wordpress-enj7s.wasmer.app\/wp-content\/uploads\/2026\/01\/5.png\" alt=\"\" class=\"wp-image-39\" style=\"border-radius:0px;aspect-ratio:0.5625041448371908;width:73px;height:auto\" title=\"\" srcset=\"https:\/\/wordpress-enj7s.wasmer.app\/wp-content\/uploads\/2026\/01\/5.png 1080w, https:\/\/wordpress-enj7s.wasmer.app\/wp-content\/uploads\/2026\/01\/5-169x300.png 169w, https:\/\/wordpress-enj7s.wasmer.app\/wp-content\/uploads\/2026\/01\/5-576x1024.png 576w, https:\/\/wordpress-enj7s.wasmer.app\/wp-content\/uploads\/2026\/01\/5-768x1365.png 768w, https:\/\/wordpress-enj7s.wasmer.app\/wp-content\/uploads\/2026\/01\/5-864x1536.png 864w\" sizes=\"auto, (max-width: 1080px) 100vw, 1080px\" \/><\/figure>\n<\/div>\n\n\n<div style=\"height:16px\" aria-hidden=\"true\" class=\"wp-block-spacer\"><\/div>\n\n\n\n<h3 class=\"wp-block-heading has-text-align-center has-neve-text-color-color has-text-color\"><strong><strong>Social Media Reporting<\/strong><\/strong><\/h3>\n\n\n\n<p class=\"has-text-align-center\">Elaboration de rapports clairs et exploitables qui transforment les donn\u00e9es en d\u00e9cisions plus judicieuses et en meilleures performances.<\/p>\n\n\n\n<div style=\"height:20px\" aria-hidden=\"true\" class=\"wp-block-spacer\"><\/div>\n<\/div>\n<\/div>\n\n\n\n<div class=\"wp-block-columns is-layout-flex wp-container-core-columns-is-layout-9d6595d7 wp-block-columns-is-layout-flex\">\n<div class=\"wp-block-column neve-duotone is-layout-flow wp-block-column-is-layout-flow\" style=\"padding-right:var(--wp--preset--spacing--30);padding-left:var(--wp--preset--spacing--30)\"><div class=\"wp-block-image icon-style is-style-default wp-duotone-unset-4\">\n<figure class=\"aligncenter size-full is-resized has-custom-border\"><img loading=\"lazy\" decoding=\"async\" width=\"1080\" height=\"1920\" src=\"https:\/\/wordpress-enj7s.wasmer.app\/wp-content\/uploads\/2026\/01\/6.png\" alt=\"\" class=\"wp-image-41\" style=\"border-radius:0px;aspect-ratio:0.5625041448371908;width:89px;height:auto\" title=\"\" srcset=\"https:\/\/wordpress-enj7s.wasmer.app\/wp-content\/uploads\/2026\/01\/6.png 1080w, https:\/\/wordpress-enj7s.wasmer.app\/wp-content\/uploads\/2026\/01\/6-169x300.png 169w, https:\/\/wordpress-enj7s.wasmer.app\/wp-content\/uploads\/2026\/01\/6-576x1024.png 576w, https:\/\/wordpress-enj7s.wasmer.app\/wp-content\/uploads\/2026\/01\/6-768x1365.png 768w, https:\/\/wordpress-enj7s.wasmer.app\/wp-content\/uploads\/2026\/01\/6-864x1536.png 864w\" sizes=\"auto, (max-width: 1080px) 100vw, 1080px\" \/><\/figure>\n<\/div>\n\n\n<div style=\"height:16px\" aria-hidden=\"true\" class=\"wp-block-spacer\"><\/div>\n\n\n\n<h3 class=\"wp-block-heading has-text-align-center has-neve-text-color-color has-text-color\"><strong><strong><strong><strong>Creative Strategy<\/strong><\/strong><\/strong><\/strong><\/h3>\n\n\n\n<p class=\"has-text-align-center\">Cr\u00e9ation de contenu et de messages engageants, con\u00e7us pour trouver un \u00e9cho aupr\u00e8s du public et renforcer l&#8217;identit\u00e9 de votre marque.<\/p>\n\n\n\n<div style=\"height:20px\" aria-hidden=\"true\" class=\"wp-block-spacer\"><\/div>\n<\/div>\n\n\n\n<div class=\"wp-block-column is-layout-flow wp-block-column-is-layout-flow\" style=\"padding-right:var(--wp--preset--spacing--30);padding-left:var(--wp--preset--spacing--30)\"><div class=\"wp-block-image icon-style is-style-default\">\n<figure class=\"aligncenter size-full is-resized has-custom-border\"><img loading=\"lazy\" decoding=\"async\" width=\"1080\" height=\"1920\" src=\"https:\/\/wordpress-enj7s.wasmer.app\/wp-content\/uploads\/2026\/01\/Icons-Video-mobile.png\" alt=\"\" class=\"wp-image-44\" style=\"border-radius:0px;aspect-ratio:0.5625041448371908;width:85px;height:auto\" title=\"\" srcset=\"https:\/\/wordpress-enj7s.wasmer.app\/wp-content\/uploads\/2026\/01\/Icons-Video-mobile.png 1080w, https:\/\/wordpress-enj7s.wasmer.app\/wp-content\/uploads\/2026\/01\/Icons-Video-mobile-169x300.png 169w, https:\/\/wordpress-enj7s.wasmer.app\/wp-content\/uploads\/2026\/01\/Icons-Video-mobile-576x1024.png 576w, https:\/\/wordpress-enj7s.wasmer.app\/wp-content\/uploads\/2026\/01\/Icons-Video-mobile-768x1365.png 768w, https:\/\/wordpress-enj7s.wasmer.app\/wp-content\/uploads\/2026\/01\/Icons-Video-mobile-864x1536.png 864w\" sizes=\"auto, (max-width: 1080px) 100vw, 1080px\" \/><\/figure>\n<\/div>\n\n\n<div style=\"height:16px\" aria-hidden=\"true\" class=\"wp-block-spacer\"><\/div>\n\n\n\n<h3 class=\"wp-block-heading has-text-align-center has-neve-text-color-color has-text-color\"><strong><strong>Coaching &amp; Training<\/strong><\/strong><\/h3>\n\n\n\n<p class=\"has-text-align-center\">On vous forme pour acqu\u00e9rir les comp\u00e9tences et la confiance n\u00e9cessaires pour g\u00e9rer efficacement les r\u00e9seaux sociaux.<\/p>\n\n\n\n<div style=\"height:20px\" aria-hidden=\"true\" class=\"wp-block-spacer\"><\/div>\n<\/div>\n\n\n\n<div class=\"wp-block-column is-layout-flow wp-block-column-is-layout-flow\" style=\"padding-right:var(--wp--preset--spacing--30);padding-left:var(--wp--preset--spacing--30)\"><div class=\"wp-block-image icon-style is-style-default wp-duotone-unset-5\">\n<figure class=\"aligncenter size-full is-resized has-custom-border\"><img loading=\"lazy\" decoding=\"async\" width=\"1080\" height=\"1920\" src=\"https:\/\/wordpress-enj7s.wasmer.app\/wp-content\/uploads\/2026\/01\/7.png\" alt=\"\" class=\"wp-image-42\" style=\"border-radius:0px;aspect-ratio:0.5625041448371908;width:79px;height:auto\" title=\"\" srcset=\"https:\/\/wordpress-enj7s.wasmer.app\/wp-content\/uploads\/2026\/01\/7.png 1080w, https:\/\/wordpress-enj7s.wasmer.app\/wp-content\/uploads\/2026\/01\/7-169x300.png 169w, https:\/\/wordpress-enj7s.wasmer.app\/wp-content\/uploads\/2026\/01\/7-576x1024.png 576w, https:\/\/wordpress-enj7s.wasmer.app\/wp-content\/uploads\/2026\/01\/7-768x1365.png 768w, https:\/\/wordpress-enj7s.wasmer.app\/wp-content\/uploads\/2026\/01\/7-864x1536.png 864w\" sizes=\"auto, (max-width: 1080px) 100vw, 1080px\" \/><\/figure>\n<\/div>\n\n\n<div style=\"height:16px\" aria-hidden=\"true\" class=\"wp-block-spacer\"><\/div>\n\n\n\n<h3 class=\"wp-block-heading has-text-align-center has-neve-text-color-color has-text-color\">Publicit\u00e9 payante<\/h3>\n\n\n\n<p class=\"has-text-align-center\">Elaboration de campagnes publicitaires optimis\u00e9es qui maximisent le budget, atteignent les publics cibles et g\u00e9n\u00e8rent des leads\/conversions.<\/p>\n\n\n\n<div style=\"height:20px\" aria-hidden=\"true\" class=\"wp-block-spacer\"><\/div>\n<\/div>\n\n\n\n<div class=\"wp-block-column is-layout-flow wp-block-column-is-layout-flow\" style=\"padding-right:var(--wp--preset--spacing--30);padding-left:var(--wp--preset--spacing--30)\"><div class=\"wp-block-image icon-style is-style-default wp-duotone-unset-6\">\n<figure class=\"aligncenter size-full is-resized has-custom-border\"><img loading=\"lazy\" decoding=\"async\" width=\"1080\" height=\"1920\" src=\"https:\/\/wordpress-enj7s.wasmer.app\/wp-content\/uploads\/2026\/01\/2.png\" alt=\"\" class=\"wp-image-35\" style=\"border-radius:0px;aspect-ratio:0.5625041448371908;width:77px;height:auto\" title=\"\" srcset=\"https:\/\/wordpress-enj7s.wasmer.app\/wp-content\/uploads\/2026\/01\/2.png 1080w, https:\/\/wordpress-enj7s.wasmer.app\/wp-content\/uploads\/2026\/01\/2-169x300.png 169w, https:\/\/wordpress-enj7s.wasmer.app\/wp-content\/uploads\/2026\/01\/2-576x1024.png 576w, https:\/\/wordpress-enj7s.wasmer.app\/wp-content\/uploads\/2026\/01\/2-768x1365.png 768w, https:\/\/wordpress-enj7s.wasmer.app\/wp-content\/uploads\/2026\/01\/2-864x1536.png 864w\" sizes=\"auto, (max-width: 1080px) 100vw, 1080px\" \/><\/figure>\n<\/div>\n\n\n<div style=\"height:16px\" aria-hidden=\"true\" class=\"wp-block-spacer\"><\/div>\n\n\n\n<h3 class=\"wp-block-heading has-text-align-center has-neve-text-color-color has-text-color\"><strong><strong>Community Management<\/strong><\/strong><\/h3>\n\n\n\n<p class=\"has-text-align-center\">Elaboration d&#8217;un engagement authentique qui transforme les abonn\u00e9s en une communaut\u00e9 connect\u00e9e et fid\u00e8le<\/p>\n\n\n\n<div style=\"height:20px\" aria-hidden=\"true\" class=\"wp-block-spacer\"><\/div>\n<\/div>\n<\/div>\n\n\n\n<div class=\"wp-block-cover alignfull is-light\" style=\"min-height:500px;aspect-ratio:unset;\"><img decoding=\"async\" class=\"wp-block-cover__image-background\" alt=\"\" src=\"https:\/\/wordpress-enj7s.wasmer.app\/wp-content\/themes\/neve\/assets\/img\/patterns\/neve-patterns-18.jpg\" style=\"object-position:16% 91%\" data-object-fit=\"cover\" data-object-position=\"16% 91%\"\/><span aria-hidden=\"true\" class=\"wp-block-cover__background has-nv-light-bg-background-color has-background-dim-80 has-background-dim\"><\/span><div class=\"wp-block-cover__inner-container is-layout-flow wp-block-cover-is-layout-flow\">\n<div class=\"wp-block-columns alignwide is-layout-flex wp-container-core-columns-is-layout-9d6595d7 wp-block-columns-is-layout-flex\">\n<div class=\"wp-block-column is-vertically-aligned-center is-layout-flow wp-block-column-is-layout-flow\" style=\"flex-basis:66.66%\">\n<h1 class=\"wp-block-heading has-text-align-left has-neve-text-color-color has-text-color\">Vous souhaitez \u00e9changer?<\/h1>\n\n\n\n<p class=\"has-text-align-left has-neve-text-color-color has-text-color\">Contactez moi avec vos besoins pour planifier un rendez vous t\u00e9l\u00e9phonique <strong>(Consultation Gratuite)<\/strong><\/p>\n\n\n\n<div class=\"wp-block-buttons is-horizontal is-content-justification-left is-layout-flex wp-container-core-buttons-is-layout-7e5fce0a wp-block-buttons-is-layout-flex\"><\/div>\n<\/div>\n\n\n\n<div class=\"wp-block-column is-layout-flow wp-block-column-is-layout-flow\" style=\"flex-basis:33.33%\"><\/div>\n<\/div>\n\n\n\n<form method=\"post\" class=\"wp-block-gutena-forms gutena-forms-contact-form gutena_forms_ID_6935b2800b8_212026112359 after_submit_message is-layout-flow wp-block-gutena-forms-is-layout-flow\" style=\"padding-top:2rem;padding-bottom:5rem\"><input type=\"hidden\" name=\"formid\" value=\"gutena_forms_ID_6935b2800b8_212026112359\"\/>\n<div class=\"wp-block-gutena-text-field-group wp-block-gutena-field-group is-layout-flow wp-block-gutena-text-field-group-is-layout-flow\">\n<div class=\"wp-block-group is-vertical is-layout-flex wp-container-core-group-is-layout-c8e3a30a wp-block-group-is-layout-flex\">\n<h3 class=\"wp-block-heading heading-input-label-gutena\"><strong>Pr\u00e9nom<\/strong><\/h3>\n\n\n<div class=\"gutena-forms-text-field field-name-first_name  wp-block-gutena-form-field\"><input\n\t\t\t\t name=\"first_name\" type=\"text\" class=\"gutena-forms-field text-field required-field  \" placeholder=\"Enter your first name\"  required\n\t\t\t\t\/><\/div><\/div>\n\n\n\n<p class=\"gutena-forms-field-error-msg\"><\/p>\n<\/div>\n\n\n\n<div class=\"wp-block-gutena-text-field-group wp-block-gutena-field-group is-layout-flow wp-block-gutena-text-field-group-is-layout-flow\">\n<div class=\"wp-block-group is-vertical is-layout-flex wp-container-core-group-is-layout-c8e3a30a wp-block-group-is-layout-flex\">\n<h3 class=\"wp-block-heading heading-input-label-gutena\"><strong>Nom<\/strong><\/h3>\n\n\n<div class=\"gutena-forms-text-field field-name-last_name  wp-block-gutena-form-field\"><input\n\t\t\t\t name=\"last_name\" type=\"text\" class=\"gutena-forms-field text-field required-field  \" placeholder=\"Enter your last name\"  required\n\t\t\t\t\/><\/div><\/div>\n\n\n\n<p class=\"gutena-forms-field-error-msg\"><\/p>\n<\/div>\n\n\n\n<div class=\"wp-block-gutena-email-field-group wp-block-gutena-field-group is-layout-flow wp-block-gutena-email-field-group-is-layout-flow\">\n<div class=\"wp-block-group is-vertical is-layout-flex wp-container-core-group-is-layout-c8e3a30a wp-block-group-is-layout-flex\">\n<h3 class=\"wp-block-heading heading-input-label-gutena\"><strong>Email<\/strong><\/h3>\n\n\n<div class=\"gutena-forms-email-field field-name-email  wp-block-gutena-form-field\"><input\n\t\t\t\t name=\"email\" type=\"email\" class=\"gutena-forms-field email-field required-field  \" placeholder=\"example@gmail.com\"  required\n\t\t\t\t\/><\/div><\/div>\n\n\n\n<p class=\"gutena-forms-field-error-msg\"><\/p>\n<\/div>\n\n\n\n<div class=\"wp-block-gutena-text-field-group wp-block-gutena-field-group is-layout-flow wp-block-gutena-text-field-group-is-layout-flow\">\n<div class=\"wp-block-group is-vertical is-layout-flex wp-container-core-group-is-layout-c8e3a30a wp-block-group-is-layout-flex\">\n<h3 class=\"wp-block-heading heading-input-label-gutena\"><strong>Sujet<\/strong><\/h3>\n\n\n<div class=\"gutena-forms-text-field field-name-subject  wp-block-gutena-form-field\"><input\n\t\t\t\t name=\"subject\" type=\"text\" class=\"gutena-forms-field text-field required-field  \" placeholder=\"Subject\"  required\n\t\t\t\t\/><\/div><\/div>\n\n\n\n<p class=\"gutena-forms-field-error-msg\"><\/p>\n<\/div>\n\n\n\n<div class=\"wp-block-gutena-textarea-field-group wp-block-gutena-field-group is-layout-flow wp-block-gutena-textarea-field-group-is-layout-flow\">\n<div class=\"wp-block-group is-vertical is-layout-flex wp-container-core-group-is-layout-c8e3a30a wp-block-group-is-layout-flex\">\n<h3 class=\"wp-block-heading heading-input-label-gutena\"><strong>D\u00e9crivez moi vos besoins de d\u00e9veloppement commercial<\/strong><\/h3>\n\n\n<div class=\"gutena-forms-textarea-field field-name-message  wp-block-gutena-form-field\"><textarea\n\t\t\t\t name=\"message\" rows=\"5\" class=\"gutena-forms-field textarea-field required-field  \" placeholder=\"Type here\"  required\n\t\t\t\t><\/textarea><\/div><\/div>\n\n\n\n<p class=\"gutena-forms-field-error-msg\"><\/p>\n<\/div>\n\n\n\n<div class=\"wp-block-buttons gutena-forms-submit-buttons is-layout-flex wp-block-buttons-is-layout-flex\">\n<div class=\"wp-block-button gutena-forms-submit-button\"><button class=\"wp-block-button__link wp-element-button\">Envoyer<\/button><\/div>\n<\/div>\n\n\n\n<div class=\"wp-block-gutena-form-confirm-msg is-layout-flow wp-block-gutena-form-confirm-msg-is-layout-flow\">\n<div class=\"wp-block-group has-background is-content-justification-left is-nowrap is-layout-flex wp-container-core-group-is-layout-25cdd410 wp-block-group-is-layout-flex\" style=\"border-radius:5px;background-color:#d8eacc;padding-top:12px;padding-right:12px;padding-bottom:12px;padding-left:12px\">\n<figure class=\"wp-block-image size-large form-message-icon\"><img decoding=\"async\" src=\"data:image\/svg+xml;base64,PHN2ZyB3aWR0aD0iMTYiIGhlaWdodD0iMTYiIHZpZXdCb3g9IjAgMCAxNiAxNiIgZmlsbD0ibm9uZSIgeG1sbnM9Imh0dHA6Ly93d3cudzMub3JnLzIwMDAvc3ZnIj4NCjxwYXRoIGQ9Ik04IDE2QzMuNTgxNiAxNiAwIDEyLjQxODQgMCA4QzAgMy41ODE2IDMuNTgxNiAwIDggMEMxMi40MTg0IDAgMTYgMy41ODE2IDE2IDhDMTYgMTIuNDE4NCAxMi40MTg0IDE2IDggMTZaTTggMTQuNEM5LjY5NzM5IDE0LjQgMTEuMzI1MyAxMy43MjU3IDEyLjUyNTUgMTIuNTI1NUMxMy43MjU3IDExLjMyNTMgMTQuNCA5LjY5NzM5IDE0LjQgOEMxNC40IDYuMzAyNjEgMTMuNzI1NyA0LjY3NDc1IDEyLjUyNTUgMy40NzQ1MkMxMS4zMjUzIDIuMjc0MjggOS42OTczOSAxLjYgOCAxLjZDNi4zMDI2MSAxLjYgNC42NzQ3NSAyLjI3NDI4IDMuNDc0NTIgMy40NzQ1MkMyLjI3NDI4IDQuNjc0NzUgMS42IDYuMzAyNjEgMS42IDhDMS42IDkuNjk3MzkgMi4yNzQyOCAxMS4zMjUzIDMuNDc0NTIgMTIuNTI1NUM0LjY3NDc1IDEzLjcyNTcgNi4zMDI2MSAxNC40IDggMTQuNFpNNy4yMDI0IDExLjJMMy44MDggNy44MDU2TDQuOTM5MiA2LjY3NDRMNy4yMDI0IDguOTM3NkwxMS43MjcyIDQuNDEyTDEyLjg1OTIgNS41NDMyTDcuMjAyNCAxMS4yWiIgZmlsbD0iIzQ2ODQxRSIvPg0KPC9zdmc+DQo=\" alt=\"Success\" class=\"wp-image-3811\"\/><\/figure>\n\n\n\n<p class=\"has-black-color has-text-color has-tiny-font-size\" style=\"font-size:12px;font-style:normal;font-weight:500;line-height:1.2\">Your form submitted successfully!<\/p>\n<\/div>\n<\/div>\n\n\n\n<div class=\"wp-block-gutena-form-error-msg is-layout-flow wp-block-gutena-form-error-msg-is-layout-flow\">\n<div class=\"wp-block-group has-background is-content-justification-left is-nowrap is-layout-flex wp-container-core-group-is-layout-25cdd410 wp-block-group-is-layout-flex\" style=\"border-radius:5px;background-color:#ffd3d3;padding-top:12px;padding-right:12px;padding-bottom:12px;padding-left:12px\">\n<figure class=\"wp-block-image size-large form-message-icon\"><img decoding=\"async\" src=\"data:image\/svg+xml;base64,PHN2ZyB3aWR0aD0iMTYiIGhlaWdodD0iMTYiIHZpZXdCb3g9IjAgMCAxNiAxNiIgZmlsbD0ibm9uZSIgeG1sbnM9Imh0dHA6Ly93d3cudzMub3JnLzIwMDAvc3ZnIj4NCjxwYXRoIGQ9Ik04IDE2QzMuNTgxNiAxNiAwIDEyLjQxODQgMCA4QzAgMy41ODE2IDMuNTgxNiAwIDggMEMxMi40MTg0IDAgMTYgMy41ODE2IDE2IDhDMTYgMTIuNDE4NCAxMi40MTg0IDE2IDggMTZaTTggMTQuNEM5LjY5NzM5IDE0LjQgMTEuMzI1MyAxMy43MjU3IDEyLjUyNTUgMTIuNTI1NUMxMy43MjU3IDExLjMyNTMgMTQuNCA5LjY5NzM5IDE0LjQgOEMxNC40IDYuMzAyNjEgMTMuNzI1NyA0LjY3NDc1IDEyLjUyNTUgMy40NzQ1MkMxMS4zMjUzIDIuMjc0MjggOS42OTczOSAxLjYgOCAxLjZDNi4zMDI2MSAxLjYgNC42NzQ3NSAyLjI3NDI4IDMuNDc0NTIgMy40NzQ1MkMyLjI3NDI4IDQuNjc0NzUgMS42IDYuMzAyNjEgMS42IDhDMS42IDkuNjk3MzkgMi4yNzQyOCAxMS4zMjUzIDMuNDc0NTIgMTIuNTI1NUM0LjY3NDc1IDEzLjcyNTcgNi4zMDI2MSAxNC40IDggMTQuNFpNNy4yIDEwLjRIOC44VjEySDcuMlYxMC40Wk03LjIgNEg4LjhWOC44SDcuMlY0WiIgZmlsbD0iI0M1MTkxOSIvPg0KPC9zdmc+DQo=\" alt=\"Error\" class=\"wp-image-3811\"\/><\/figure>\n\n\n\n<p class=\"gutena-forms-error-text has-black-color has-text-color\" style=\"font-size:12px;font-style:normal;font-weight:500;line-height:1.2\">Sorry! your form was not submitted properly, Please check the errors above.<\/p>\n<\/div>\n<\/div>\n<\/form>\n<\/div><\/div>\n\n\n\n<p><\/p>\n","protected":false},"excerpt":{"rendered":"<p>Services Strat\u00e9gie R\u00e9seaux Sociaux Elaboration de Strat\u00e9gies sur mesure qui amplifient la voix de votre marque, stimulent l&#8217;engagement et convertissent la bonne cible. Planification de Campagnes Publicitaires Planification de campagne de A-Z con\u00e7ue pour g\u00e9n\u00e9rer des r\u00e9sultats mesurables et une croissance durable. Analyse des Tendances Analyse des tendances \u00e9mergentes pour maintenir la pertinence et la&hellip;&nbsp;<a href=\"https:\/\/wordpress-enj7s.wasmer.app\/\" rel=\"bookmark\"><span class=\"screen-reader-text\">Home<\/span><\/a><\/p>\n","protected":false},"author":1,"featured_media":0,"parent":0,"menu_order":0,"comment_status":"closed","ping_status":"closed","template":"","meta":{"neve_meta_sidebar":"","neve_meta_container":"","neve_meta_enable_content_width":"on","neve_meta_content_width":100,"neve_meta_title_alignment":"","neve_meta_author_avatar":"","neve_post_elements_order":"","neve_meta_disable_header":"","neve_meta_disable_footer":"","neve_meta_disable_title":"on","footnotes":""},"class_list":["post-8","page","type-page","status-publish","hentry"],"_links":{"self":[{"href":"https:\/\/wordpress-enj7s.wasmer.app\/index.php?rest_route=\/wp\/v2\/pages\/8","targetHints":{"allow":["GET"]}}],"collection":[{"href":"https:\/\/wordpress-enj7s.wasmer.app\/index.php?rest_route=\/wp\/v2\/pages"}],"about":[{"href":"https:\/\/wordpress-enj7s.wasmer.app\/index.php?rest_route=\/wp\/v2\/types\/page"}],"author":[{"embeddable":true,"href":"https:\/\/wordpress-enj7s.wasmer.app\/index.php?rest_route=\/wp\/v2\/users\/1"}],"replies":[{"embeddable":true,"href":"https:\/\/wordpress-enj7s.wasmer.app\/index.php?rest_route=%2Fwp%2Fv2%2Fcomments&post=8"}],"version-history":[{"count":0,"href":"https:\/\/wordpress-enj7s.wasmer.app\/index.php?rest_route=\/wp\/v2\/pages\/8\/revisions"}],"wp:attachment":[{"href":"https:\/\/wordpress-enj7s.wasmer.app\/index.php?rest_route=%2Fwp%2Fv2%2Fmedia&parent=8"}],"curies":[{"name":"wp","href":"https:\/\/api.w.org\/{rel}","templated":true}]}}